{"id":35,"date":"2019-01-21T23:07:29","date_gmt":"2019-01-21T23:07:29","guid":{"rendered":"http:\/\/sakti.octo.nc\/?page_id=35"},"modified":"2023-01-04T02:08:18","modified_gmt":"2023-01-04T02:08:18","slug":"services","status":"publish","type":"page","link":"https:\/\/www.sakti.nc\/?page_id=35","title":{"rendered":"Conseils"},"content":{"rendered":"\n\t<div class=\"img has-hover x md-x lg-x y md-y lg-y\" id=\"image_2008945584\">\n\t\t\t\t\t\t\t\t<div class=\"img-inner image-cover box-shadow-4-hover dark\" style=\"padding-top:350px;\">\n\t\t\t<img width=\"1020\" height=\"444\" src=\"https:\/\/www.sakti.nc\/wp-content\/uploads\/2019\/01\/shutterstock_1032859570-1024x446.jpg\" class=\"attachment-large size-large\" alt=\"\" loading=\"lazy\" srcset=\"https:\/\/www.sakti.nc\/wp-content\/uploads\/2019\/01\/shutterstock_1032859570-1024x446.jpg 1024w, https:\/\/www.sakti.nc\/wp-content\/uploads\/2019\/01\/shutterstock_1032859570-300x131.jpg 300w, https:\/\/www.sakti.nc\/wp-content\/uploads\/2019\/01\/shutterstock_1032859570-768x334.jpg 768w, https:\/\/www.sakti.nc\/wp-content\/uploads\/2019\/01\/shutterstock_1032859570.jpg 1378w\" sizes=\"(max-width: 1020px) 100vw, 1020px\" \/>\t\t\t\t\t\t\n\t\t\t\t\t<\/div>\n\t\t\t\t\t\t\t\t\n<style scope=\"scope\">\n\n#image_2008945584 {\n  width: 100%;\n}\n<\/style>\n\t<\/div>\n\t\n\n\t<section class=\"section\" id=\"section_530527557\">\n\t\t<div class=\"bg section-bg fill bg-fill  bg-loaded\" >\n\n\t\t\t\n\t\t\t\n\t\t\t\n\n\t\t<\/div><!-- .section-bg -->\n\n\t\t<div class=\"section-content relative\">\n\t\t\t\n\n<h3 style=\"text-align: center;\">Pour faire connaissance et affiner vos besoins, n&rsquo;h\u00e9sitez pas, le premier rendez-vous est gratuit.<\/h3>\n\n\t\t<\/div><!-- .section-content -->\n\n\t\t\n<style scope=\"scope\">\n\n#section_530527557 {\n  padding-top: 30px;\n  padding-bottom: 30px;\n}\n<\/style>\n\t<\/section>\n\t\n<div class=\"row row-collapse row-full-width\"  id=\"row-464447605\">\n\n<div class=\"col medium-4 large-4\"  ><div class=\"col-inner\"  >\n\n<div class=\"row\"  id=\"row-225422982\">\n\n<div class=\"col medium-4 small-12 large-4\"  ><div class=\"col-inner\"  >\n\n\t<div class=\"img has-hover x md-x lg-x y md-y lg-y\" id=\"image_1084562298\">\n\t\t\t\t\t\t\t\t<div class=\"img-inner dark\" >\n\t\t\t<img width=\"404\" height=\"303\" src=\"https:\/\/www.sakti.nc\/wp-content\/uploads\/2019\/01\/imageedit_15_2852919783.png\" class=\"attachment-large size-large\" alt=\"Etudes RH\" loading=\"lazy\" srcset=\"https:\/\/www.sakti.nc\/wp-content\/uploads\/2019\/01\/imageedit_15_2852919783.png 404w, https:\/\/www.sakti.nc\/wp-content\/uploads\/2019\/01\/imageedit_15_2852919783-300x225.png 300w\" sizes=\"(max-width: 404px) 100vw, 404px\" \/>\t\t\t\t\t\t\n\t\t\t\t\t<\/div>\n\t\t\t\t\t\t\t\t\n<style scope=\"scope\">\n\n#image_1084562298 {\n  width: 100%;\n}\n<\/style>\n\t<\/div>\n\t\n\n\n<\/div><\/div>\n<div class=\"col medium-7 small-12 large-7\"  ><div class=\"col-inner\"  >\n\n<p><strong>Etudes RH<\/strong><br \/>Collecte et analyse de vos donn\u00e9es, accompagnement \u00e0 la modernisation<\/p>\n<a rel=\"noopener noreferrer\" href=\"https:\/\/www.sakti.nc\/?page_id=46\" target=\"_blank\" class=\"button primary is-xsmall\"  style=\"border-radius:99px;\">\n    <span>En savoir +<\/span>\n  <\/a>\n\n\n\n<\/div><\/div>\n\n<\/div>\n\n<\/div><\/div>\n<div class=\"col medium-4 large-4\"  ><div class=\"col-inner\"  >\n\n<div class=\"row\"  id=\"row-624440641\">\n\n<div class=\"col medium-4 small-12 large-4\"  ><div class=\"col-inner\"  >\n\n\t<div class=\"img has-hover x md-x lg-x y md-y lg-y\" id=\"image_1393122299\">\n\t\t\t\t\t\t\t\t<div class=\"img-inner dark\" >\n\t\t\t<img width=\"365\" height=\"274\" src=\"https:\/\/www.sakti.nc\/wp-content\/uploads\/2019\/01\/imageedit_19_4152417600.png\" class=\"attachment-large size-large\" alt=\"Gestion de projets RH\" loading=\"lazy\" srcset=\"https:\/\/www.sakti.nc\/wp-content\/uploads\/2019\/01\/imageedit_19_4152417600.png 365w, https:\/\/www.sakti.nc\/wp-content\/uploads\/2019\/01\/imageedit_19_4152417600-300x225.png 300w\" sizes=\"(max-width: 365px) 100vw, 365px\" \/>\t\t\t\t\t\t\n\t\t\t\t\t<\/div>\n\t\t\t\t\t\t\t\t\n<style scope=\"scope\">\n\n#image_1393122299 {\n  width: 100%;\n}\n<\/style>\n\t<\/div>\n\t\n\n\n<\/div><\/div>\n<div class=\"col medium-7 small-12 large-7\"  ><div class=\"col-inner\"  >\n\n<p><strong>Gestion de projets<\/strong><br \/>Cadrage, animation, accompagnement au changement<\/p>\n<a rel=\"noopener noreferrer\" href=\"https:\/\/www.sakti.nc\/?page_id=174\" target=\"_blank\" class=\"button primary is-xsmall\"  style=\"border-radius:99px;\">\n    <span>En savoir +<\/span>\n  <\/a>\n\n\n\n<\/div><\/div>\n\n<\/div>\n\n<\/div><\/div>\n<div class=\"col medium-4 large-4\"  ><div class=\"col-inner\"  >\n\n<div class=\"row\"  id=\"row-1049989559\">\n\n<div class=\"col medium-4 small-12 large-4\"  ><div class=\"col-inner\"  >\n\n\t<div class=\"img has-hover x md-x lg-x y md-y lg-y\" id=\"image_1106888995\">\n\t\t\t\t\t\t\t\t<div class=\"img-inner dark\" >\n\t\t\t<img width=\"435\" height=\"326\" src=\"https:\/\/www.sakti.nc\/wp-content\/uploads\/2019\/01\/imageedit_21_9007236070.png\" class=\"attachment-large size-large\" alt=\"D\u00e9veloppement des comp\u00e9tences\" loading=\"lazy\" srcset=\"https:\/\/www.sakti.nc\/wp-content\/uploads\/2019\/01\/imageedit_21_9007236070.png 435w, https:\/\/www.sakti.nc\/wp-content\/uploads\/2019\/01\/imageedit_21_9007236070-300x225.png 300w\" sizes=\"(max-width: 435px) 100vw, 435px\" \/>\t\t\t\t\t\t\n\t\t\t\t\t<\/div>\n\t\t\t\t\t\t\t\t\n<style scope=\"scope\">\n\n#image_1106888995 {\n  width: 100%;\n}\n<\/style>\n\t<\/div>\n\t\n\n\n<\/div><\/div>\n<div class=\"col medium-7 small-12 large-7\"  ><div class=\"col-inner\"  >\n\n<p><strong>Formation \/ D\u00e9veloppement des Comp\u00e9tences<\/strong><br \/>Plan de formation, animation GPEC&#8230;<\/p>\n<a rel=\"noopener noreferrer\" href=\"https:\/\/www.sakti.nc\/?page_id=178\" target=\"_blank\" class=\"button primary is-xsmall\"  style=\"border-radius:99px;\">\n    <span>En savoir +<\/span>\n  <\/a>\n\n\n\n<\/div><\/div>\n\n<\/div>\n\n<\/div><\/div>\n\n\n<style scope=\"scope\">\n\n<\/style>\n<\/div>\n<div class=\"row row-collapse row-full-width\"  id=\"row-76409582\">\n\n<div class=\"col medium-4 large-4\"  ><div class=\"col-inner\"  >\n\n<div class=\"row\"  id=\"row-1392719054\">\n\n<div class=\"col medium-4 small-12 large-4\"  ><div class=\"col-inner\"  >\n\n\t<div class=\"img has-hover x md-x lg-x y md-y lg-y\" id=\"image_277075113\">\n\t\t\t\t\t\t\t\t<div class=\"img-inner dark\" >\n\t\t\t<img width=\"393\" height=\"295\" src=\"https:\/\/www.sakti.nc\/wp-content\/uploads\/2019\/01\/imageedit_17_4682783659.png\" class=\"attachment-large size-large\" alt=\"Relations Sociales\" loading=\"lazy\" srcset=\"https:\/\/www.sakti.nc\/wp-content\/uploads\/2019\/01\/imageedit_17_4682783659.png 393w, https:\/\/www.sakti.nc\/wp-content\/uploads\/2019\/01\/imageedit_17_4682783659-300x225.png 300w\" sizes=\"(max-width: 393px) 100vw, 393px\" \/>\t\t\t\t\t\t\n\t\t\t\t\t<\/div>\n\t\t\t\t\t\t\t\t\n<style scope=\"scope\">\n\n#image_277075113 {\n  width: 100%;\n}\n<\/style>\n\t<\/div>\n\t\n\n\n<\/div><\/div>\n<div class=\"col medium-7 small-12 large-7\"  ><div class=\"col-inner\"  >\n\n<p><strong>Am\u00e9lioration des relations sociales<\/strong><br \/>Relations individuelles ou collectives&#8230;<\/p>\n<a rel=\"noopener noreferrer\" href=\"https:\/\/www.sakti.nc\/?page_id=183\" target=\"_blank\" class=\"button primary is-xsmall\"  style=\"border-radius:99px;\">\n    <span>En savoir +<\/span>\n  <\/a>\n\n\n\n<\/div><\/div>\n\n<\/div>\n\n<\/div><\/div>\n<div class=\"col medium-4 large-4\"  ><div class=\"col-inner\"  >\n\n<div class=\"row\"  id=\"row-1159420\">\n\n<div class=\"col medium-4 small-12 large-4\"  ><div class=\"col-inner\"  >\n\n\t<div class=\"img has-hover x md-x lg-x y md-y lg-y\" id=\"image_12644241\">\n\t\t\t\t\t\t\t\t<div class=\"img-inner dark\" >\n\t\t\t<img width=\"325\" height=\"244\" src=\"https:\/\/www.sakti.nc\/wp-content\/uploads\/2019\/01\/imageedit_23_5227444566.png\" class=\"attachment-large size-large\" alt=\"Contr\u00f4le de gestion\" loading=\"lazy\" srcset=\"https:\/\/www.sakti.nc\/wp-content\/uploads\/2019\/01\/imageedit_23_5227444566.png 325w, https:\/\/www.sakti.nc\/wp-content\/uploads\/2019\/01\/imageedit_23_5227444566-300x225.png 300w\" sizes=\"(max-width: 325px) 100vw, 325px\" \/>\t\t\t\t\t\t\n\t\t\t\t\t<\/div>\n\t\t\t\t\t\t\t\t\n<style scope=\"scope\">\n\n#image_12644241 {\n  width: 100%;\n}\n<\/style>\n\t<\/div>\n\t\n\n\n<\/div><\/div>\n<div class=\"col medium-7 small-12 large-7\"  ><div class=\"col-inner\"  >\n\n<p><strong>Contr\u00f4le de gestion<\/strong><br \/>Budg\u00e9tisation, proc\u00e9dures, contr\u00f4le de gestion sociale&#8230;<\/p>\n<a rel=\"noopener noreferrer\" href=\"https:\/\/www.sakti.nc\/?page_id=188\" target=\"_blank\" class=\"button primary is-xsmall\"  style=\"border-radius:99px;\">\n    <span>En savoir +<\/span>\n  <\/a>\n\n\n\n<\/div><\/div>\n\n<\/div>\n\n<\/div><\/div>\n<div class=\"col medium-4 large-4\"  ><div class=\"col-inner\"  >\n\n<div class=\"row\"  id=\"row-1909433018\">\n\n<div class=\"col medium-4 small-12 large-4\"  ><div class=\"col-inner\"  >\n\n\t<div class=\"img has-hover x md-x lg-x y md-y lg-y\" id=\"image_357536112\">\n\t\t\t\t\t\t\t\t<div class=\"img-inner dark\" >\n\t\t\t<img width=\"440\" height=\"330\" src=\"https:\/\/www.sakti.nc\/wp-content\/uploads\/2019\/01\/imageedit_9_6659283332.png\" class=\"attachment-large size-large\" alt=\"RRH \u00e0 temps partag\u00e9\" loading=\"lazy\" srcset=\"https:\/\/www.sakti.nc\/wp-content\/uploads\/2019\/01\/imageedit_9_6659283332.png 440w, https:\/\/www.sakti.nc\/wp-content\/uploads\/2019\/01\/imageedit_9_6659283332-300x225.png 300w\" sizes=\"(max-width: 440px) 100vw, 440px\" \/>\t\t\t\t\t\t\n\t\t\t\t\t<\/div>\n\t\t\t\t\t\t\t\t\n<style scope=\"scope\">\n\n#image_357536112 {\n  width: 100%;\n}\n<\/style>\n\t<\/div>\n\t\n\n\n<\/div><\/div>\n<div class=\"col medium-7 small-12 large-7\"  ><div class=\"col-inner\"  >\n\n<p><strong>Temps partag\u00e9<\/strong><br \/>Service \u00e0 la carte&#8230;<\/p>\n<a rel=\"noopener noreferrer\" href=\"https:\/\/www.sakti.nc\/?page_id=191\" target=\"_blank\" class=\"button primary is-xsmall\"  style=\"border-radius:99px;\">\n    <span>En savoir +<\/span>\n  <\/a>\n\n\n\n<\/div><\/div>\n\n<\/div>\n\n<\/div><\/div>\n\n\n<style scope=\"scope\">\n\n<\/style>\n<\/div>\n\n","protected":false},"excerpt":{"rendered":"","protected":false},"author":1,"featured_media":0,"parent":678,"menu_order":0,"comment_status":"closed","ping_status":"closed","template":"","meta":[],"_links":{"self":[{"href":"https:\/\/www.sakti.nc\/index.php?rest_route=\/wp\/v2\/pages\/35"}],"collection":[{"href":"https:\/\/www.sakti.nc\/index.php?rest_route=\/wp\/v2\/pages"}],"about":[{"href":"https:\/\/www.sakti.nc\/index.php?rest_route=\/wp\/v2\/types\/page"}],"author":[{"embeddable":true,"href":"https:\/\/www.sakti.nc\/index.php?rest_route=\/wp\/v2\/users\/1"}],"replies":[{"embeddable":true,"href":"https:\/\/www.sakti.nc\/index.php?rest_route=%2Fwp%2Fv2%2Fcomments&post=35"}],"version-history":[{"count":14,"href":"https:\/\/www.sakti.nc\/index.php?rest_route=\/wp\/v2\/pages\/35\/revisions"}],"predecessor-version":[{"id":713,"href":"https:\/\/www.sakti.nc\/index.php?rest_route=\/wp\/v2\/pages\/35\/revisions\/713"}],"up":[{"embeddable":true,"href":"https:\/\/www.sakti.nc\/index.php?rest_route=\/wp\/v2\/pages\/678"}],"wp:attachment":[{"href":"https:\/\/www.sakti.nc\/index.php?rest_route=%2Fwp%2Fv2%2Fmedia&parent=35"}],"curies":[{"name":"wp","href":"https:\/\/api.w.org\/{rel}","templated":true}]}}