{"id":46,"date":"2019-01-21T23:15:40","date_gmt":"2019-01-21T23:15:40","guid":{"rendered":"http:\/\/sakti.octo.nc\/?page_id=46"},"modified":"2019-06-06T02:42:22","modified_gmt":"2019-06-06T02:42:22","slug":"etudes-rh","status":"publish","type":"page","link":"https:\/\/www.sakti.nc\/?page_id=46","title":{"rendered":"Etudes RH"},"content":{"rendered":"\n\t<section class=\"section\" id=\"section_558230850\">\n\t\t<div class=\"bg section-bg fill bg-fill  bg-loaded\" >\n\n\t\t\t\n\t\t\t\n\t\t\t\n\n\t\t<\/div><!-- .section-bg -->\n\n\t\t<div class=\"section-content relative\">\n\t\t\t\n\n<div class=\"row\"  id=\"row-1713779063\">\n\n<div class=\"col medium-8 small-12 large-8\"  ><div class=\"col-inner\"  >\n\n\t<div class=\"img has-hover x md-x lg-x y md-y lg-y\" id=\"image_1423495872\">\n\t\t\t\t\t\t\t\t<div class=\"img-inner image-cover box-shadow-3 dark\" style=\"padding-top:50%;\">\n\t\t\t<img width=\"1000\" height=\"667\" src=\"https:\/\/www.sakti.nc\/wp-content\/uploads\/2019\/01\/shutterstock_401191729.jpg\" class=\"attachment-large size-large\" alt=\"\" loading=\"lazy\" srcset=\"https:\/\/www.sakti.nc\/wp-content\/uploads\/2019\/01\/shutterstock_401191729.jpg 1000w, https:\/\/www.sakti.nc\/wp-content\/uploads\/2019\/01\/shutterstock_401191729-300x200.jpg 300w, https:\/\/www.sakti.nc\/wp-content\/uploads\/2019\/01\/shutterstock_401191729-768x512.jpg 768w\" sizes=\"(max-width: 1000px) 100vw, 1000px\" \/>\t\t\t\t\t\t\n\t\t\t\t\t\t\t<div class=\"caption\">Compiler les donn\u00e9es, de toutes sources et en faire la synth\u00e8se, pour avancer, encore...<\/div>\n\t\t\t\t\t<\/div>\n\t\t\t\t\t\t\t\t\n<style scope=\"scope\">\n\n#image_1423495872 {\n  width: 100%;\n}\n<\/style>\n\t<\/div>\n\t\n\n\n<\/div><\/div>\n<div class=\"col medium-4 small-12 large-4\"  ><div class=\"col-inner\"  >\n\n<h2 style=\"text-align: center;\">Etudes RH<\/h2>\n<ul>\n<li>Collecte et analyse de vos donn\u00e9es<\/li>\n<li>Etudes d&rsquo;absent\u00e9isme, bilans formation,&#8230;<\/li>\n<li>Etudes sur le climat social, enqu\u00eate de satisfaction<\/li>\n<li>Mises \u00e0 jour de l&rsquo;Evaluation des Risques Professionnels (EVRP)<\/li>\n<li>Mises \u00e0 jour documentaires<\/li>\n<li>Accompagnement \u00e0 la modernisation<\/li>\n<li>Analyse des dysfonctionnements<\/li>\n<li>Propositions de rem\u00e9diations<\/li>\n<\/ul>\n\n<\/div><\/div>\n\n<\/div>\n\n\t\t<\/div><!-- .section-content -->\n\n\t\t\n<style scope=\"scope\">\n\n#section_558230850 {\n  padding-top: 20px;\n  padding-bottom: 20px;\n  background-color: #c4d8fc;\n}\n<\/style>\n\t<\/section>\n\t\n<div class=\"row align-center\"  id=\"row-1917685566\">\n\n<div class=\"col medium-10 small-12 large-10\"  ><div class=\"col-inner text-center\"  >\n\n<p style=\"text-align: left;\">En pr\u00e9alable \u00e0 une r\u00e9organisation, en pr\u00e9paration de vos n\u00e9gociations annuelles d&rsquo;entreprises, ou simplement en recherche d&rsquo;optimisation, les demandes d&rsquo;analyses sont nombreuses dans l&rsquo;entreprise. <br \/>Certaines r\u00e9currences sont judicieuses (par exemple pour les enqu\u00eates de satisfaction ou climat social),&nbsp; d&rsquo;autres analyses peuvent \u00eatre ponctuelles, toutes doivent pouvoir \u00eatre d\u00e9clin\u00e9es en propositions de rem\u00e9diations pour \u00eatre utiles. <br \/>Je peux vous assister dans ces collectes et analyses comme dans la mise en forme&nbsp;de recommandations d&rsquo;am\u00e9lioration.<\/p>\n<p style=\"text-align: left;\">Je suis \u00e0 votre \u00e9coute, prenons rendez vous !<\/p>\n<a rel=\"noopener noreferrer\" href=\"https:\/\/www.sakti.nc\/?page_id=37\" target=\"_blank\" class=\"button primary\"  style=\"border-radius:99px;\">\n    <span>contactez moi !<\/span>\n  <\/a>\n\n\n\n<\/div><\/div>\n\n\n<style scope=\"scope\">\n\n<\/style>\n<\/div>\n\n  \n    <div class=\"row large-columns-3 medium-columns-1 small-columns-1 slider row-slider slider-nav-reveal slider-nav-push\"  data-flickity-options='{\"imagesLoaded\": true, \"groupCells\": \"100%\", \"dragThreshold\" : 5, \"cellAlign\": \"left\",\"wrapAround\": true,\"prevNextButtons\": true,\"percentPosition\": true,\"pageDots\": false, \"rightToLeft\": false, \"autoPlay\" : false}'>\n\n  \t\t<div class=\"col post-item\" >\n\t\t\t<div class=\"col-inner\">\n\t\t\t<a href=\"https:\/\/www.sakti.nc\/?p=721\" class=\"plain\">\n\t\t\t\t<div class=\"box box-normal box-text-bottom box-blog-post has-hover\">\n            \t\t\t\t\t<div class=\"box-image\" >\n  \t\t\t\t\t\t<div class=\"image-cover\" style=\"padding-top:56.25%;\">\n  \t\t\t\t\t\t\t<img width=\"300\" height=\"169\" src=\"https:\/\/www.sakti.nc\/wp-content\/uploads\/2023\/04\/shutterstock_520698886-edited-300x169.jpg\" class=\"attachment-medium size-medium wp-post-image\" alt=\"\" loading=\"lazy\" srcset=\"https:\/\/www.sakti.nc\/wp-content\/uploads\/2023\/04\/shutterstock_520698886-edited-300x169.jpg 300w, https:\/\/www.sakti.nc\/wp-content\/uploads\/2023\/04\/shutterstock_520698886-edited-768x432.jpg 768w, https:\/\/www.sakti.nc\/wp-content\/uploads\/2023\/04\/shutterstock_520698886-edited.jpg 1000w\" sizes=\"(max-width: 300px) 100vw, 300px\" \/>  \t\t\t\t\t\t\t  \t\t\t\t\t\t\t  \t\t\t\t\t\t<\/div>\n  \t\t\t\t\t\t  \t\t\t\t\t<\/div><!-- .box-image -->\n          \t\t\t\t\t<div class=\"box-text text-center\" >\n\t\t\t\t\t<div class=\"box-text-inner blog-post-inner\">\n\n\t\t\t\t\t\n\t\t\t\t\t\t\t\t\t\t<h5 class=\"post-title is-large \">La plateforme PRO&rsquo;SUD est lanc\u00e9e !<\/h5>\n\t\t\t\t\t\t\t\t\t\t<div class=\"is-divider\"><\/div>\n\t\t\t\t\t\t\t\t\t\t<p class=\"from_the_blog_excerpt \">A l\u2019invitation de la DDET (Direction du D\u00e9veloppement Economique et du Tourisme), nous \u00e9tions une [...]\t\t\t\t\t<\/p>\n\t\t\t\t\t                    \n\t\t\t\t\t\n\t\t\t\t\t\n\t\t\t\t\t<\/div><!-- .box-text-inner -->\n\t\t\t\t\t<\/div><!-- .box-text -->\n\t\t\t\t\t\t\t\t\t\t\t\t\t\t\t\t<div class=\"badge absolute top post-date badge-circle\">\n\t\t\t\t\t\t\t<div class=\"badge-inner\">\n\t\t\t\t\t\t\t\t<span class=\"post-date-day\">21<\/span><br>\n\t\t\t\t\t\t\t\t<span class=\"post-date-month is-xsmall\">Avr<\/span>\n\t\t\t\t\t\t\t<\/div>\n\t\t\t\t\t\t<\/div>\n\t\t\t\t\t\t\t\t\t<\/div><!-- .box -->\n\t\t\t\t<\/a><!-- .link -->\n\t\t\t<\/div><!-- .col-inner -->\n\t\t<\/div><!-- .col -->\n\t\t<div class=\"col post-item\" >\n\t\t\t<div class=\"col-inner\">\n\t\t\t<a href=\"https:\/\/www.sakti.nc\/?p=645\" class=\"plain\">\n\t\t\t\t<div class=\"box box-normal box-text-bottom box-blog-post has-hover\">\n            \t\t\t\t\t<div class=\"box-image\" >\n  \t\t\t\t\t\t<div class=\"image-cover\" style=\"padding-top:56.25%;\">\n  \t\t\t\t\t\t\t<img width=\"300\" height=\"300\" src=\"https:\/\/www.sakti.nc\/wp-content\/uploads\/2022\/02\/Ergo-300x300.jpg\" class=\"attachment-medium size-medium wp-post-image\" alt=\"Travail en confort\" loading=\"lazy\" srcset=\"https:\/\/www.sakti.nc\/wp-content\/uploads\/2022\/02\/Ergo-300x300.jpg 300w, https:\/\/www.sakti.nc\/wp-content\/uploads\/2022\/02\/Ergo-1024x1024.jpg 1024w, https:\/\/www.sakti.nc\/wp-content\/uploads\/2022\/02\/Ergo-150x150.jpg 150w, https:\/\/www.sakti.nc\/wp-content\/uploads\/2022\/02\/Ergo-768x768.jpg 768w, https:\/\/www.sakti.nc\/wp-content\/uploads\/2022\/02\/Ergo-1536x1536.jpg 1536w, https:\/\/www.sakti.nc\/wp-content\/uploads\/2022\/02\/Ergo.jpg 2048w\" sizes=\"(max-width: 300px) 100vw, 300px\" \/>  \t\t\t\t\t\t\t  \t\t\t\t\t\t\t  \t\t\t\t\t\t<\/div>\n  \t\t\t\t\t\t  \t\t\t\t\t<\/div><!-- .box-image -->\n          \t\t\t\t\t<div class=\"box-text text-center\" >\n\t\t\t\t\t<div class=\"box-text-inner blog-post-inner\">\n\n\t\t\t\t\t\n\t\t\t\t\t\t\t\t\t\t<h5 class=\"post-title is-large \">Et l&rsquo;ergonomie, on en parle ?<\/h5>\n\t\t\t\t\t\t\t\t\t\t<div class=\"is-divider\"><\/div>\n\t\t\t\t\t\t\t\t\t\t<p class=\"from_the_blog_excerpt \">En vrai, ce sont mes cervicales qui m\u2019en ont parl\u00e9&nbsp;! J\u2019avoue que, depuis que j\u2019ai [...]\t\t\t\t\t<\/p>\n\t\t\t\t\t                    \n\t\t\t\t\t\n\t\t\t\t\t\n\t\t\t\t\t<\/div><!-- .box-text-inner -->\n\t\t\t\t\t<\/div><!-- .box-text -->\n\t\t\t\t\t\t\t\t\t\t\t\t\t\t\t\t<div class=\"badge absolute top post-date badge-circle\">\n\t\t\t\t\t\t\t<div class=\"badge-inner\">\n\t\t\t\t\t\t\t\t<span class=\"post-date-day\">28<\/span><br>\n\t\t\t\t\t\t\t\t<span class=\"post-date-month is-xsmall\">F\u00e9v<\/span>\n\t\t\t\t\t\t\t<\/div>\n\t\t\t\t\t\t<\/div>\n\t\t\t\t\t\t\t\t\t<\/div><!-- .box -->\n\t\t\t\t<\/a><!-- .link -->\n\t\t\t<\/div><!-- .col-inner -->\n\t\t<\/div><!-- .col -->\n\t\t<div class=\"col post-item\" >\n\t\t\t<div class=\"col-inner\">\n\t\t\t<a href=\"https:\/\/www.sakti.nc\/?p=631\" class=\"plain\">\n\t\t\t\t<div class=\"box box-normal box-text-bottom box-blog-post has-hover\">\n            \t\t\t\t\t<div class=\"box-image\" >\n  \t\t\t\t\t\t<div class=\"image-cover\" style=\"padding-top:56.25%;\">\n  \t\t\t\t\t\t\t<img width=\"300\" height=\"200\" src=\"https:\/\/www.sakti.nc\/wp-content\/uploads\/2022\/01\/shutterstock_547008082-300x200.jpg\" class=\"attachment-medium size-medium wp-post-image\" alt=\"\" loading=\"lazy\" srcset=\"https:\/\/www.sakti.nc\/wp-content\/uploads\/2022\/01\/shutterstock_547008082-300x200.jpg 300w, https:\/\/www.sakti.nc\/wp-content\/uploads\/2022\/01\/shutterstock_547008082-768x511.jpg 768w, https:\/\/www.sakti.nc\/wp-content\/uploads\/2022\/01\/shutterstock_547008082.jpg 1000w\" sizes=\"(max-width: 300px) 100vw, 300px\" \/>  \t\t\t\t\t\t\t  \t\t\t\t\t\t\t  \t\t\t\t\t\t<\/div>\n  \t\t\t\t\t\t  \t\t\t\t\t<\/div><!-- .box-image -->\n          \t\t\t\t\t<div class=\"box-text text-center\" >\n\t\t\t\t\t<div class=\"box-text-inner blog-post-inner\">\n\n\t\t\t\t\t\n\t\t\t\t\t\t\t\t\t\t<h5 class=\"post-title is-large \">Avez-vous d\u00e9j\u00e0 test\u00e9 un atelier de d\u00e9veloppement personnel ?<\/h5>\n\t\t\t\t\t\t\t\t\t\t<div class=\"is-divider\"><\/div>\n\t\t\t\t\t\t\t\t\t\t<p class=\"from_the_blog_excerpt \">Je m\u2019\u00e9tais lanc\u00e9 un challenge pour ce mois de janvier&nbsp;: r\u00e9aliser une vid\u00e9o expliquant les [...]\t\t\t\t\t<\/p>\n\t\t\t\t\t                    \n\t\t\t\t\t\n\t\t\t\t\t\n\t\t\t\t\t<\/div><!-- .box-text-inner -->\n\t\t\t\t\t<\/div><!-- .box-text -->\n\t\t\t\t\t\t\t\t\t\t\t\t\t\t\t\t<div class=\"badge absolute top post-date badge-circle\">\n\t\t\t\t\t\t\t<div class=\"badge-inner\">\n\t\t\t\t\t\t\t\t<span class=\"post-date-day\">31<\/span><br>\n\t\t\t\t\t\t\t\t<span class=\"post-date-month is-xsmall\">Jan<\/span>\n\t\t\t\t\t\t\t<\/div>\n\t\t\t\t\t\t<\/div>\n\t\t\t\t\t\t\t\t\t<\/div><!-- .box -->\n\t\t\t\t<\/a><!-- .link -->\n\t\t\t<\/div><!-- .col-inner -->\n\t\t<\/div><!-- .col -->\n\t\t<div class=\"col post-item\" >\n\t\t\t<div class=\"col-inner\">\n\t\t\t<a href=\"https:\/\/www.sakti.nc\/?p=616\" class=\"plain\">\n\t\t\t\t<div class=\"box box-normal box-text-bottom box-blog-post has-hover\">\n            \t\t\t\t\t<div class=\"box-image\" >\n  \t\t\t\t\t\t<div class=\"image-cover\" style=\"padding-top:56.25%;\">\n  \t\t\t\t\t\t\t<img width=\"300\" height=\"251\" src=\"https:\/\/www.sakti.nc\/wp-content\/uploads\/2021\/10\/shutterstock_163180895-300x251.jpg\" class=\"attachment-medium size-medium wp-post-image\" alt=\"\" loading=\"lazy\" srcset=\"https:\/\/www.sakti.nc\/wp-content\/uploads\/2021\/10\/shutterstock_163180895-300x251.jpg 300w, https:\/\/www.sakti.nc\/wp-content\/uploads\/2021\/10\/shutterstock_163180895-768x642.jpg 768w, https:\/\/www.sakti.nc\/wp-content\/uploads\/2021\/10\/shutterstock_163180895.jpg 1000w\" sizes=\"(max-width: 300px) 100vw, 300px\" \/>  \t\t\t\t\t\t\t  \t\t\t\t\t\t\t  \t\t\t\t\t\t<\/div>\n  \t\t\t\t\t\t  \t\t\t\t\t<\/div><!-- .box-image -->\n          \t\t\t\t\t<div class=\"box-text text-center\" >\n\t\t\t\t\t<div class=\"box-text-inner blog-post-inner\">\n\n\t\t\t\t\t\n\t\t\t\t\t\t\t\t\t\t<h5 class=\"post-title is-large \">Egalit\u00e9, diversit\u00e9 &#038; inclusion !<\/h5>\n\t\t\t\t\t\t\t\t\t\t<div class=\"is-divider\"><\/div>\n\t\t\t\t\t\t\t\t\t\t<p class=\"from_the_blog_excerpt \">En d\u00e9but d\u2019ann\u00e9e, le CDS et le CESE ont rendus leurs avis sur l&rsquo;avant projet [...]\t\t\t\t\t<\/p>\n\t\t\t\t\t                    \n\t\t\t\t\t\n\t\t\t\t\t\n\t\t\t\t\t<\/div><!-- .box-text-inner -->\n\t\t\t\t\t<\/div><!-- .box-text -->\n\t\t\t\t\t\t\t\t\t\t\t\t\t\t\t\t<div class=\"badge absolute top post-date badge-circle\">\n\t\t\t\t\t\t\t<div class=\"badge-inner\">\n\t\t\t\t\t\t\t\t<span class=\"post-date-day\">15<\/span><br>\n\t\t\t\t\t\t\t\t<span class=\"post-date-month is-xsmall\">Oct<\/span>\n\t\t\t\t\t\t\t<\/div>\n\t\t\t\t\t\t<\/div>\n\t\t\t\t\t\t\t\t\t<\/div><!-- .box -->\n\t\t\t\t<\/a><!-- .link -->\n\t\t\t<\/div><!-- .col-inner -->\n\t\t<\/div><!-- .col -->\n\t\t<div class=\"col post-item\" >\n\t\t\t<div class=\"col-inner\">\n\t\t\t<a href=\"https:\/\/www.sakti.nc\/?p=609\" class=\"plain\">\n\t\t\t\t<div class=\"box box-normal box-text-bottom box-blog-post has-hover\">\n            \t\t\t\t\t<div class=\"box-image\" >\n  \t\t\t\t\t\t<div class=\"image-cover\" style=\"padding-top:56.25%;\">\n  \t\t\t\t\t\t\t<img width=\"300\" height=\"205\" src=\"https:\/\/www.sakti.nc\/wp-content\/uploads\/2021\/09\/shutterstock_594887747-300x205.jpg\" class=\"attachment-medium size-medium wp-post-image\" alt=\"\" loading=\"lazy\" srcset=\"https:\/\/www.sakti.nc\/wp-content\/uploads\/2021\/09\/shutterstock_594887747-300x205.jpg 300w, https:\/\/www.sakti.nc\/wp-content\/uploads\/2021\/09\/shutterstock_594887747-768x525.jpg 768w, https:\/\/www.sakti.nc\/wp-content\/uploads\/2021\/09\/shutterstock_594887747.jpg 1000w\" sizes=\"(max-width: 300px) 100vw, 300px\" \/>  \t\t\t\t\t\t\t  \t\t\t\t\t\t\t  \t\t\t\t\t\t<\/div>\n  \t\t\t\t\t\t  \t\t\t\t\t<\/div><!-- .box-image -->\n          \t\t\t\t\t<div class=\"box-text text-center\" >\n\t\t\t\t\t<div class=\"box-text-inner blog-post-inner\">\n\n\t\t\t\t\t\n\t\t\t\t\t\t\t\t\t\t<h5 class=\"post-title is-large \">Deux challenges pour vous !<\/h5>\n\t\t\t\t\t\t\t\t\t\t<div class=\"is-divider\"><\/div>\n\t\t\t\t\t\t\t\t\t\t<p class=\"from_the_blog_excerpt \">En mars je vous invitais \u00e0 vous ressourcer \u00e0 ou trouver de l&rsquo;inspiration dans des [...]\t\t\t\t\t<\/p>\n\t\t\t\t\t                    \n\t\t\t\t\t\n\t\t\t\t\t\n\t\t\t\t\t<\/div><!-- .box-text-inner -->\n\t\t\t\t\t<\/div><!-- .box-text -->\n\t\t\t\t\t\t\t\t\t\t\t\t\t\t\t\t<div class=\"badge absolute top post-date badge-circle\">\n\t\t\t\t\t\t\t<div class=\"badge-inner\">\n\t\t\t\t\t\t\t\t<span class=\"post-date-day\">07<\/span><br>\n\t\t\t\t\t\t\t\t<span class=\"post-date-month is-xsmall\">Sep<\/span>\n\t\t\t\t\t\t\t<\/div>\n\t\t\t\t\t\t<\/div>\n\t\t\t\t\t\t\t\t\t<\/div><!-- .box -->\n\t\t\t\t<\/a><!-- .link -->\n\t\t\t<\/div><!-- .col-inner -->\n\t\t<\/div><!-- .col -->\n\t\t<div class=\"col post-item\" >\n\t\t\t<div class=\"col-inner\">\n\t\t\t<a href=\"https:\/\/www.sakti.nc\/?p=571\" class=\"plain\">\n\t\t\t\t<div class=\"box box-normal box-text-bottom box-blog-post has-hover\">\n            \t\t\t\t\t<div class=\"box-image\" >\n  \t\t\t\t\t\t<div class=\"image-cover\" style=\"padding-top:56.25%;\">\n  \t\t\t\t\t\t\t<img width=\"300\" height=\"200\" src=\"https:\/\/www.sakti.nc\/wp-content\/uploads\/2021\/03\/shutterstock_552164044-300x200.jpg\" class=\"attachment-medium size-medium wp-post-image\" alt=\"\" loading=\"lazy\" srcset=\"https:\/\/www.sakti.nc\/wp-content\/uploads\/2021\/03\/shutterstock_552164044-300x200.jpg 300w, https:\/\/www.sakti.nc\/wp-content\/uploads\/2021\/03\/shutterstock_552164044-768x512.jpg 768w, https:\/\/www.sakti.nc\/wp-content\/uploads\/2021\/03\/shutterstock_552164044.jpg 1000w\" sizes=\"(max-width: 300px) 100vw, 300px\" \/>  \t\t\t\t\t\t\t  \t\t\t\t\t\t\t  \t\t\t\t\t\t<\/div>\n  \t\t\t\t\t\t  \t\t\t\t\t<\/div><!-- .box-image -->\n          \t\t\t\t\t<div class=\"box-text text-center\" >\n\t\t\t\t\t<div class=\"box-text-inner blog-post-inner\">\n\n\t\t\t\t\t\n\t\t\t\t\t\t\t\t\t\t<h5 class=\"post-title is-large \">Vers de nouveaux rituels&#8230;<\/h5>\n\t\t\t\t\t\t\t\t\t\t<div class=\"is-divider\"><\/div>\n\t\t\t\t\t\t\t\t\t\t<p class=\"from_the_blog_excerpt \">Aujourd&rsquo;hui, j&rsquo;ai juste envie de vous partager quelques uns de mes rituels ; parce que [...]\t\t\t\t\t<\/p>\n\t\t\t\t\t                                            <p class=\"from_the_blog_comments uppercase is-xsmall\">\n                            1 Comment                        <\/p>\n                    \n\t\t\t\t\t\n\t\t\t\t\t\n\t\t\t\t\t<\/div><!-- .box-text-inner -->\n\t\t\t\t\t<\/div><!-- .box-text -->\n\t\t\t\t\t\t\t\t\t\t\t\t\t\t\t\t<div class=\"badge absolute top post-date badge-circle\">\n\t\t\t\t\t\t\t<div class=\"badge-inner\">\n\t\t\t\t\t\t\t\t<span class=\"post-date-day\">15<\/span><br>\n\t\t\t\t\t\t\t\t<span class=\"post-date-month is-xsmall\">Mar<\/span>\n\t\t\t\t\t\t\t<\/div>\n\t\t\t\t\t\t<\/div>\n\t\t\t\t\t\t\t\t\t<\/div><!-- .box -->\n\t\t\t\t<\/a><!-- .link -->\n\t\t\t<\/div><!-- .col-inner -->\n\t\t<\/div><!-- .col -->\n\t\t<div class=\"col post-item\" >\n\t\t\t<div class=\"col-inner\">\n\t\t\t<a href=\"https:\/\/www.sakti.nc\/?p=559\" class=\"plain\">\n\t\t\t\t<div class=\"box box-normal box-text-bottom box-blog-post has-hover\">\n            \t\t\t\t\t<div class=\"box-image\" >\n  \t\t\t\t\t\t<div class=\"image-cover\" style=\"padding-top:56.25%;\">\n  \t\t\t\t\t\t\t<img width=\"300\" height=\"129\" src=\"https:\/\/www.sakti.nc\/wp-content\/uploads\/2021\/02\/IMG_4663-300x129.jpg\" class=\"attachment-medium size-medium wp-post-image\" alt=\"\" loading=\"lazy\" srcset=\"https:\/\/www.sakti.nc\/wp-content\/uploads\/2021\/02\/IMG_4663-300x129.jpg 300w, https:\/\/www.sakti.nc\/wp-content\/uploads\/2021\/02\/IMG_4663-1024x439.jpg 1024w, https:\/\/www.sakti.nc\/wp-content\/uploads\/2021\/02\/IMG_4663-768x330.jpg 768w, https:\/\/www.sakti.nc\/wp-content\/uploads\/2021\/02\/IMG_4663-1536x659.jpg 1536w, https:\/\/www.sakti.nc\/wp-content\/uploads\/2021\/02\/IMG_4663.jpg 1643w\" sizes=\"(max-width: 300px) 100vw, 300px\" \/>  \t\t\t\t\t\t\t  \t\t\t\t\t\t\t  \t\t\t\t\t\t<\/div>\n  \t\t\t\t\t\t  \t\t\t\t\t<\/div><!-- .box-image -->\n          \t\t\t\t\t<div class=\"box-text text-center\" >\n\t\t\t\t\t<div class=\"box-text-inner blog-post-inner\">\n\n\t\t\t\t\t\n\t\t\t\t\t\t\t\t\t\t<h5 class=\"post-title is-large \">Le 19 rue Eiffel, \u00e0 Ducos&#8230;<\/h5>\n\t\t\t\t\t\t\t\t\t\t<div class=\"is-divider\"><\/div>\n\t\t\t\t\t\t\t\t\t\t<p class=\"from_the_blog_excerpt \">J&rsquo;ai emm\u00e9nag\u00e9 ! Trop contente je suis !!Pour f\u00eater l&rsquo;ann\u00e9e du Buffle de m\u00e9tal qui [...]\t\t\t\t\t<\/p>\n\t\t\t\t\t                    \n\t\t\t\t\t\n\t\t\t\t\t\n\t\t\t\t\t<\/div><!-- .box-text-inner -->\n\t\t\t\t\t<\/div><!-- .box-text -->\n\t\t\t\t\t\t\t\t\t\t\t\t\t\t\t\t<div class=\"badge absolute top post-date badge-circle\">\n\t\t\t\t\t\t\t<div class=\"badge-inner\">\n\t\t\t\t\t\t\t\t<span class=\"post-date-day\">12<\/span><br>\n\t\t\t\t\t\t\t\t<span class=\"post-date-month is-xsmall\">F\u00e9v<\/span>\n\t\t\t\t\t\t\t<\/div>\n\t\t\t\t\t\t<\/div>\n\t\t\t\t\t\t\t\t\t<\/div><!-- .box -->\n\t\t\t\t<\/a><!-- .link -->\n\t\t\t<\/div><!-- .col-inner -->\n\t\t<\/div><!-- .col -->\n\t\t<div class=\"col post-item\" >\n\t\t\t<div class=\"col-inner\">\n\t\t\t<a href=\"https:\/\/www.sakti.nc\/?p=554\" class=\"plain\">\n\t\t\t\t<div class=\"box box-normal box-text-bottom box-blog-post has-hover\">\n            \t\t\t\t\t<div class=\"box-image\" >\n  \t\t\t\t\t\t<div class=\"image-cover\" style=\"padding-top:56.25%;\">\n  \t\t\t\t\t\t\t<img width=\"300\" height=\"158\" src=\"https:\/\/www.sakti.nc\/wp-content\/uploads\/2020\/12\/shutterstock_705626545-300x158.jpg\" class=\"attachment-medium size-medium wp-post-image\" alt=\"CTNC\" loading=\"lazy\" srcset=\"https:\/\/www.sakti.nc\/wp-content\/uploads\/2020\/12\/shutterstock_705626545-300x158.jpg 300w, https:\/\/www.sakti.nc\/wp-content\/uploads\/2020\/12\/shutterstock_705626545-1024x538.jpg 1024w, https:\/\/www.sakti.nc\/wp-content\/uploads\/2020\/12\/shutterstock_705626545-768x404.jpg 768w, https:\/\/www.sakti.nc\/wp-content\/uploads\/2020\/12\/shutterstock_705626545-1536x807.jpg 1536w, https:\/\/www.sakti.nc\/wp-content\/uploads\/2020\/12\/shutterstock_705626545-2048x1076.jpg 2048w\" sizes=\"(max-width: 300px) 100vw, 300px\" \/>  \t\t\t\t\t\t\t  \t\t\t\t\t\t\t  \t\t\t\t\t\t<\/div>\n  \t\t\t\t\t\t  \t\t\t\t\t<\/div><!-- .box-image -->\n          \t\t\t\t\t<div class=\"box-text text-center\" >\n\t\t\t\t\t<div class=\"box-text-inner blog-post-inner\">\n\n\t\t\t\t\t\n\t\t\t\t\t\t\t\t\t\t<h5 class=\"post-title is-large \">Une \u00e9dition num\u00e9rique pour le CTNC &#8211; Code du Travail de NC<\/h5>\n\t\t\t\t\t\t\t\t\t\t<div class=\"is-divider\"><\/div>\n\t\t\t\t\t\t\t\t\t\t<p class=\"from_the_blog_excerpt \">J&rsquo;adore le papier et les livres, mais j&rsquo;avoue que pour avoir un Code du Travail [...]\t\t\t\t\t<\/p>\n\t\t\t\t\t                    \n\t\t\t\t\t\n\t\t\t\t\t\n\t\t\t\t\t<\/div><!-- .box-text-inner -->\n\t\t\t\t\t<\/div><!-- .box-text -->\n\t\t\t\t\t\t\t\t\t\t\t\t\t\t\t\t<div class=\"badge absolute top post-date badge-circle\">\n\t\t\t\t\t\t\t<div class=\"badge-inner\">\n\t\t\t\t\t\t\t\t<span class=\"post-date-day\">28<\/span><br>\n\t\t\t\t\t\t\t\t<span class=\"post-date-month is-xsmall\">D\u00e9c<\/span>\n\t\t\t\t\t\t\t<\/div>\n\t\t\t\t\t\t<\/div>\n\t\t\t\t\t\t\t\t\t<\/div><!-- .box -->\n\t\t\t\t<\/a><!-- .link -->\n\t\t\t<\/div><!-- .col-inner -->\n\t\t<\/div><!-- .col -->\n<\/div>\n\n\n","protected":false},"excerpt":{"rendered":"","protected":false},"author":1,"featured_media":0,"parent":35,"menu_order":0,"comment_status":"closed","ping_status":"closed","template":"page-blank.php","meta":[],"_links":{"self":[{"href":"https:\/\/www.sakti.nc\/index.php?rest_route=\/wp\/v2\/pages\/46"}],"collection":[{"href":"https:\/\/www.sakti.nc\/index.php?rest_route=\/wp\/v2\/pages"}],"about":[{"href":"https:\/\/www.sakti.nc\/index.php?rest_route=\/wp\/v2\/types\/page"}],"author":[{"embeddable":true,"href":"https:\/\/www.sakti.nc\/index.php?rest_route=\/wp\/v2\/users\/1"}],"replies":[{"embeddable":true,"href":"https:\/\/www.sakti.nc\/index.php?rest_route=%2Fwp%2Fv2%2Fcomments&post=46"}],"version-history":[{"count":15,"href":"https:\/\/www.sakti.nc\/index.php?rest_route=\/wp\/v2\/pages\/46\/revisions"}],"predecessor-version":[{"id":384,"href":"https:\/\/www.sakti.nc\/index.php?rest_route=\/wp\/v2\/pages\/46\/revisions\/384"}],"up":[{"embeddable":true,"href":"https:\/\/www.sakti.nc\/index.php?rest_route=\/wp\/v2\/pages\/35"}],"wp:attachment":[{"href":"https:\/\/www.sakti.nc\/index.php?rest_route=%2Fwp%2Fv2%2Fmedia&parent=46"}],"curies":[{"name":"wp","href":"https:\/\/api.w.org\/{rel}","templated":true}]}}