{"id":668,"date":"2022-04-30T05:42:27","date_gmt":"2022-04-30T05:42:27","guid":{"rendered":"https:\/\/www.sakti.nc\/?page_id=668"},"modified":"2022-04-30T05:51:40","modified_gmt":"2022-04-30T05:51:40","slug":"mentions-legales-la-suite","status":"publish","type":"page","link":"https:\/\/www.sakti.nc\/?page_id=668","title":{"rendered":"Mentions l\u00e9gales, la suite&#8230;"},"content":{"rendered":"\n\n\n<h1>Conditions d\u2019acc\u00e8s &amp; d\u2019utilisation<\/h1>\n\n\n\n<p>L&rsquo;utilisateur du site reconna\u00eet avoir pris connaissance des pr\u00e9sentes informations l\u00e9gales.<\/p>\n\n\n\n<p>Il est invit\u00e9 \u00e0 s\u2019y r\u00e9f\u00e9rer le plus souvent possible car elles peuvent \u00eatre modifi\u00e9es sans pr\u00e9avis.<\/p>\n\n\n\n<p>Ce site internet est normalement accessible \u00e0 chaque instant aux utilisateurs. Une interruption pour raison de maintenance technique peut \u00eatre toutefois d\u00e9clench\u00e9e.<\/p>\n\n\n\n<p>Si une anomalie, une erreur ou une omission sur le site est constat\u00e9e, l\u2019utilisateur est invit\u00e9 \u00e0 contacter SAKTI NC.&nbsp;<\/p>\n\n\n\n<h1>Droit d\u2019auteur et copyright&nbsp;<\/h1>\n\n\n\n<p>L&rsquo;ensemble des contenus (textes, marques, logos, photographies, etc.) figurant sur les pages de ce site sont prot\u00e9g\u00e9s par le droit de la propri\u00e9t\u00e9 intellectuelle (l\u00e9gislation fran\u00e7aise et internationale sur le droit d\u2019auteur et la propri\u00e9t\u00e9 intellectuelle).<\/p>\n\n\n\n<p>Toute reproduction, repr\u00e9sentation, diffusion ou extraction non autoris\u00e9e, en tout ou partie, du contenu du site constituerait une contrefa\u00e7on des droits de propri\u00e9t\u00e9 intellectuelle susceptible d&rsquo;engager la responsabilit\u00e9 civile et p\u00e9nale du contrefacteur. Elle est formellement interdite sauf autorisation expresse du responsable de la publication.<\/p>\n\n\n\n<h1>Informations mises \u00e0 disposition sur le site<\/h1>\n\n\n\n<p>Toutes les informations indiqu\u00e9es sur le site sont donn\u00e9es \u00e0 titre indicatif, elles ne sont pas exhaustives et sont susceptibles d\u2019\u00e9voluer.<\/p>\n\n\n\n<p>Vous demeurez seul et unique responsable de l&rsquo;usage des informations et des r\u00e9sultats obtenus \u00e0 partir de ces informations.<\/p>\n\n\n\n<h1>Cookies &amp; liens hypertextes<\/h1>\n\n\n\n<p>Un cookie est un mini-fichier contenant quelques lignes de caract\u00e8res alphanum\u00e9riques plac\u00e9 sur votre disque dur par le serveur du site ou de l\u2019application mobile que vous visitez, ou par un serveur tiers. Il contient plusieurs donn\u00e9es : le nom du serveur qui l\u2019a d\u00e9pos\u00e9 ; un identifiant sous forme de num\u00e9ro unique ; \u00e9ventuellement une date d\u2019expiration.<\/p>\n\n\n\n<p>Les cookies servent \u00e0 faciliter la navigation et \u00e0 rationaliser les proc\u00e9dures d\u2019enregistrement ou de mesure d\u2019audience. Ce site utilise ponctuellement des cookies. Ils sont d\u00e9truits apr\u00e8s un certain temps. Vous avez la possibilit\u00e9 de modifier vos options de navigation pour choisir de n\u2019accepter aucun cookie (pour plus d\u2019information :&nbsp;https:\/\/www.cnil.fr\/fr\/cookies-les-outils-pour-les-maitriser).<\/p>\n\n\n\n<p>Des liens hypertexte sont \u00e9galement pr\u00e9sents sur le site et dirigent les utilisateurs vers d&rsquo;autres sites internet. Ils ne sauraient engager la responsabilit\u00e9 de SAKTI NC quant au contenu, \u00e0 l\u2019exactitude des informations s\u2019y trouvant et au fonctionnement de ces sites tiers.<\/p>\n\n\n\n<p>Enfin, SAKTI NC n\u2019exer\u00e7ant aucun contr\u00f4le et n\u2019ayant aucune ma\u00eetrise sur le contenu de tout site tiers, l\u2019utilisateur y acc\u00e8de sous sa propre responsabilit\u00e9.<\/p>\n\n\n\n<h1>Donn\u00e9es \u00e0 caract\u00e8re personnel \/ Informatique et libert\u00e9s<\/h1>\n\n\n\n<p>Les donn\u00e9es \u00e0 caract\u00e8re personnel que vous nous communiquez par le biais des formulaires qui pourraient \u00eatre disponibles sur ce site (par exemple une demande de contact ou de renseignement&#8230;) sont trait\u00e9es par le responsable de traitement, \u00e0 des fins de gestion interne et pour r\u00e9pondre \u00e0 votre demande.<\/p>\n\n\n\n<p>SAKTI s\u2019engage \u00e0 prot\u00e9ger les informations personnelles et la vie priv\u00e9e des visiteurs de son site internet et de toute personne utilisant ses services en ligne de mani\u00e8re g\u00e9n\u00e9rale.<\/p>\n\n\n\n<p>L\u2019utilisateur fournit ces informations en toute connaissance de cause, notamment lorsqu\u2019il proc\u00e8de lui-m\u00eame \u00e0 leur saisie.&nbsp;<\/p>\n\n\n\n<p>Conform\u00e9ment aux obligations issues de la l\u00e9gislation \u00ab Informatique et libert\u00e9s \u00bb constitu\u00e9e par la loi n\u00b078-17 du 6 janvier 1978 modifi\u00e9e, dite loi \u00ab Informatique et Libert\u00e9s \u00bb, l\u2019utilisateur est inform\u00e9 qu\u2019il dispose d\u2019un droit d\u2019acc\u00e8s, de rectification, de limitation, et de suppression des donn\u00e9es le concernant si celles-ci sont inexactes, incompl\u00e8tes, \u00e9quivoques ou p\u00e9rim\u00e9es. Il dispose \u00e9galement d\u2019un droit \u00e0 la portabilit\u00e9 de ses donn\u00e9es, sous certaines conditions, et du droit de s\u2019opposer pour des motifs l\u00e9gitimes \u00e0 ce que des donn\u00e9es personnelles le concernant fassent l\u2019objet d\u2019un traitement.<\/p>\n\n\n\n<p>Pour plus d\u2019information, l\u2019utilisateur est invit\u00e9 \u00e0 <strong>consulter la politique de confidentialit\u00e9<\/strong> de l\u2019entreprise (par rapport au droit des personnes, collecte des donn\u00e9es personnelles, dur\u00e9es de conservation, responsabilit\u00e9s etc.).<\/p>\n","protected":false},"excerpt":{"rendered":"<p>Conditions d\u2019acc\u00e8s &amp; d\u2019utilisation L&rsquo;utilisateur du site reconna\u00eet avoir pris connaissance des pr\u00e9sentes informations l\u00e9gales. Il est invit\u00e9 \u00e0 s\u2019y r\u00e9f\u00e9rer le plus souvent possible car elles peuvent \u00eatre modifi\u00e9es sans pr\u00e9avis. Ce site internet est normalement accessible \u00e0 chaque instant aux utilisateurs. Une interruption pour raison de maintenance technique peut \u00eatre toutefois d\u00e9clench\u00e9e. Si [&#8230;]\n","protected":false},"author":1,"featured_media":0,"parent":273,"menu_order":0,"comment_status":"closed","ping_status":"closed","template":"","meta":[],"_links":{"self":[{"href":"https:\/\/www.sakti.nc\/index.php?rest_route=\/wp\/v2\/pages\/668"}],"collection":[{"href":"https:\/\/www.sakti.nc\/index.php?rest_route=\/wp\/v2\/pages"}],"about":[{"href":"https:\/\/www.sakti.nc\/index.php?rest_route=\/wp\/v2\/types\/page"}],"author":[{"embeddable":true,"href":"https:\/\/www.sakti.nc\/index.php?rest_route=\/wp\/v2\/users\/1"}],"replies":[{"embeddable":true,"href":"https:\/\/www.sakti.nc\/index.php?rest_route=%2Fwp%2Fv2%2Fcomments&post=668"}],"version-history":[{"count":1,"href":"https:\/\/www.sakti.nc\/index.php?rest_route=\/wp\/v2\/pages\/668\/revisions"}],"predecessor-version":[{"id":669,"href":"https:\/\/www.sakti.nc\/index.php?rest_route=\/wp\/v2\/pages\/668\/revisions\/669"}],"up":[{"embeddable":true,"href":"https:\/\/www.sakti.nc\/index.php?rest_route=\/wp\/v2\/pages\/273"}],"wp:attachment":[{"href":"https:\/\/www.sakti.nc\/index.php?rest_route=%2Fwp%2Fv2%2Fmedia&parent=668"}],"curies":[{"name":"wp","href":"https:\/\/api.w.org\/{rel}","templated":true}]}}