{"id":678,"date":"2023-01-03T00:11:23","date_gmt":"2023-01-03T00:11:23","guid":{"rendered":"https:\/\/www.sakti.nc\/?page_id=678"},"modified":"2023-01-05T02:43:48","modified_gmt":"2023-01-05T02:43:48","slug":"prestations","status":"publish","type":"page","link":"https:\/\/www.sakti.nc\/?page_id=678","title":{"rendered":"Prestations"},"content":{"rendered":"\n\n  <div class=\"banner has-hover\" id=\"banner-1557644335\">\n          <div class=\"banner-inner fill\">\n        <div class=\"banner-bg fill\" >\n            <div class=\"bg fill bg-fill \"><\/div>\n                        <div class=\"overlay\"><\/div>            \n                    <\/div><!-- bg-layers -->\n        <div class=\"banner-layers container\">\n            <div class=\"fill banner-link\"><\/div>            \n\n   <div id=\"text-box-782428219\" class=\"text-box banner-layer text-box-circle x90 md-x90 lg-x90 y50 md-y50 lg-y50 res-text\">\n                                <div class=\"text box-shadow-3 box-shadow-1-hover dark\">\n              \n              <div class=\"text-inner text-center\">\n                  \n\n<h3>1 approche globale :<\/h3>\n<h3>3 axes d&rsquo;accompagnement\u00a0<\/h3>\n\n              <\/div>\n           <\/div><!-- text-box-inner -->\n                            \n<style scope=\"scope\">\n\n#text-box-782428219 .text {\n  background-color: rgba(109, 100, 183, 0.7);\n  border-radius: 103px;\n  font-size: 87%;\n}\n#text-box-782428219 .text-inner {\n  padding: 30px 30px 30px 30px;\n}\n#text-box-782428219 {\n  width: 60%;\n}\n\n\n@media (min-width:550px) {\n\n  #text-box-782428219 {\n    width: 30%;\n  }\n\n}\n<\/style>\n    <\/div><!-- text-box -->\n \n\n        <\/div><!-- .banner-layers -->\n      <\/div><!-- .banner-inner -->\n\n            \n<style scope=\"scope\">\n\n#banner-1557644335 {\n  padding-top: 350px;\n}\n#banner-1557644335 .bg.bg-loaded {\n  background-image: url(https:\/\/www.sakti.nc\/wp-content\/uploads\/2023\/01\/shutterstock_695361658.jpg);\n}\n#banner-1557644335 .overlay {\n  background-color: rgba(0, 0, 0, 0.2);\n}\n<\/style>\n  <\/div><!-- .banner -->\n\n\n<div class=\"row row-collapse row-full-width row-dashed\"  id=\"row-801611484\">\n\n<div class=\"col medium-4 large-4\"  ><div class=\"col-inner\"  >\n\n<div class=\"row\"  id=\"row-3375211\">\n\n<div class=\"col medium-4 small-12 large-4\"  ><div class=\"col-inner\"  >\n\n\t<div class=\"img has-hover x md-x lg-x y md-y lg-y\" id=\"image_1322526891\">\n\t\t\t\t\t\t\t\t<div class=\"img-inner image-cover dark\" style=\"padding-top:100%;\">\n\t\t\t<img width=\"1000\" height=\"667\" src=\"https:\/\/www.sakti.nc\/wp-content\/uploads\/2023\/01\/shutterstock_696775111.jpg\" class=\"attachment-large size-large\" alt=\"\" loading=\"lazy\" srcset=\"https:\/\/www.sakti.nc\/wp-content\/uploads\/2023\/01\/shutterstock_696775111.jpg 1000w, https:\/\/www.sakti.nc\/wp-content\/uploads\/2023\/01\/shutterstock_696775111-300x200.jpg 300w, https:\/\/www.sakti.nc\/wp-content\/uploads\/2023\/01\/shutterstock_696775111-768x512.jpg 768w\" sizes=\"(max-width: 1000px) 100vw, 1000px\" \/>\t\t\t\t\t\t\n\t\t\t\t\t<\/div>\n\t\t\t\t\t\t\t\t\n<style scope=\"scope\">\n\n#image_1322526891 {\n  width: 100%;\n}\n<\/style>\n\t<\/div>\n\t\n\n\n<\/div><\/div>\n<div class=\"col medium-7 small-12 large-7\"  ><div class=\"col-inner\"  >\n\n<p><strong>Conseils<\/strong><br \/>Accompagnement et conseils aux entreprises, <br \/>en Ressources Humaines et Gestion<\/p>\n<a rel=\"noopener noreferrer\" href=\"https:\/\/www.sakti.nc\/?page_id=35\" target=\"_blank\" class=\"button primary is-xsmall box-shadow-1\"  style=\"border-radius:99px;\">\n    <span>En savoir +<\/span>\n  <\/a>\n\n\n\n<\/div><\/div>\n\n<\/div>\n\n<\/div><\/div>\n<div class=\"col medium-4 large-4\"  ><div class=\"col-inner\"  >\n\n<div class=\"row\"  id=\"row-1266795180\">\n\n<div class=\"col medium-4 small-12 large-4\"  ><div class=\"col-inner\"  >\n\n\t<div class=\"img has-hover x md-x lg-x y md-y lg-y\" id=\"image_650187453\">\n\t\t\t\t\t\t\t\t<div class=\"img-inner image-cover dark\" style=\"padding-top:100%;\">\n\t\t\t<img width=\"1000\" height=\"582\" src=\"https:\/\/www.sakti.nc\/wp-content\/uploads\/2023\/01\/shutterstock_292066541.jpg\" class=\"attachment-large size-large\" alt=\"\" loading=\"lazy\" srcset=\"https:\/\/www.sakti.nc\/wp-content\/uploads\/2023\/01\/shutterstock_292066541.jpg 1000w, https:\/\/www.sakti.nc\/wp-content\/uploads\/2023\/01\/shutterstock_292066541-300x175.jpg 300w, https:\/\/www.sakti.nc\/wp-content\/uploads\/2023\/01\/shutterstock_292066541-768x447.jpg 768w\" sizes=\"(max-width: 1000px) 100vw, 1000px\" \/>\t\t\t\t\t\t\n\t\t\t\t\t<\/div>\n\t\t\t\t\t\t\t\t\n<style scope=\"scope\">\n\n#image_650187453 {\n  width: 100%;\n}\n<\/style>\n\t<\/div>\n\t\n\n\n<\/div><\/div>\n<div class=\"col medium-7 small-12 large-7\"  ><div class=\"col-inner\"  >\n\n<p><strong>Formation professionnelle<\/strong><br \/>Elaboration et animation de formations, formatrice r\u00e9f\u00e9renc\u00e9e aupr\u00e8s de la DFPC NC<\/p>\n<a rel=\"noopener noreferrer\" href=\"https:\/\/www.sakti.nc\/?page_id=695\" target=\"_blank\" class=\"button primary is-xsmall\"  style=\"border-radius:99px;\">\n    <span>En savoir +<\/span>\n  <\/a>\n\n\n\n<\/div><\/div>\n\n<\/div>\n\n<\/div><\/div>\n<div class=\"col medium-4 large-4\"  ><div class=\"col-inner\"  >\n\n<div class=\"row\"  id=\"row-1077186175\">\n\n<div class=\"col medium-4 small-12 large-4\"  ><div class=\"col-inner\"  >\n\n\t<div class=\"img has-hover x md-x lg-x y md-y lg-y\" id=\"image_139358468\">\n\t\t\t\t\t\t\t\t<div class=\"img-inner image-cover dark\" style=\"padding-top:100%;\">\n\t\t\t<img width=\"1000\" height=\"667\" src=\"https:\/\/www.sakti.nc\/wp-content\/uploads\/2023\/01\/shutterstock_461741035.jpg\" class=\"attachment-large size-large\" alt=\"\" loading=\"lazy\" srcset=\"https:\/\/www.sakti.nc\/wp-content\/uploads\/2023\/01\/shutterstock_461741035.jpg 1000w, https:\/\/www.sakti.nc\/wp-content\/uploads\/2023\/01\/shutterstock_461741035-300x200.jpg 300w, https:\/\/www.sakti.nc\/wp-content\/uploads\/2023\/01\/shutterstock_461741035-768x512.jpg 768w\" sizes=\"(max-width: 1000px) 100vw, 1000px\" \/>\t\t\t\t\t\t\n\t\t\t\t\t<\/div>\n\t\t\t\t\t\t\t\t\n<style scope=\"scope\">\n\n#image_139358468 {\n  width: 100%;\n}\n<\/style>\n\t<\/div>\n\t\n\n\n<\/div><\/div>\n<div class=\"col medium-7 small-12 large-7\"  ><div class=\"col-inner\"  >\n\n<p><strong>Coaching<\/strong><br \/>Coaching individuel, D\u00e9veloppement personnel (ateliers)&#8230;<\/p>\n<a rel=\"noopener noreferrer\" href=\"https:\/\/www.sakti.nc\/?page_id=430\" target=\"_blank\" class=\"button primary is-xsmall\"  style=\"border-radius:54px;\">\n    <span>En savoir +<\/span>\n  <\/a>\n\n\n\n<\/div><\/div>\n\n<\/div>\n\n<\/div><\/div>\n\n\n<style scope=\"scope\">\n\n<\/style>\n<\/div>\n\n","protected":false},"excerpt":{"rendered":"","protected":false},"author":1,"featured_media":0,"parent":0,"menu_order":0,"comment_status":"closed","ping_status":"closed","template":"","meta":[],"_links":{"self":[{"href":"https:\/\/www.sakti.nc\/index.php?rest_route=\/wp\/v2\/pages\/678"}],"collection":[{"href":"https:\/\/www.sakti.nc\/index.php?rest_route=\/wp\/v2\/pages"}],"about":[{"href":"https:\/\/www.sakti.nc\/index.php?rest_route=\/wp\/v2\/types\/page"}],"author":[{"embeddable":true,"href":"https:\/\/www.sakti.nc\/index.php?rest_route=\/wp\/v2\/users\/1"}],"replies":[{"embeddable":true,"href":"https:\/\/www.sakti.nc\/index.php?rest_route=%2Fwp%2Fv2%2Fcomments&post=678"}],"version-history":[{"count":8,"href":"https:\/\/www.sakti.nc\/index.php?rest_route=\/wp\/v2\/pages\/678\/revisions"}],"predecessor-version":[{"id":714,"href":"https:\/\/www.sakti.nc\/index.php?rest_route=\/wp\/v2\/pages\/678\/revisions\/714"}],"wp:attachment":[{"href":"https:\/\/www.sakti.nc\/index.php?rest_route=%2Fwp%2Fv2%2Fmedia&parent=678"}],"curies":[{"name":"wp","href":"https:\/\/api.w.org\/{rel}","templated":true}]}}